{"id":1775,"date":"2022-11-04T21:00:50","date_gmt":"2022-11-04T21:00:50","guid":{"rendered":"https:\/\/stesa.com\/mapas\/?page_id=1775"},"modified":"2026-02-16T20:18:09","modified_gmt":"2026-02-16T20:18:09","slug":"quienes-somos","status":"publish","type":"page","link":"https:\/\/stesa.com\/mapas\/quienes-somos\/","title":{"rendered":"Qui\u00e9nes somos"},"content":{"rendered":"<ul class=\"about-nav\">\n<li><a href=\"#quienes-somos\">\u00bfQui\u00e9nes somos?<\/a><\/li>\n<li><a href=\"#terminos-uso\">Condiciones de uso<\/a><\/li>\n<li><a href=\"#politicas-privacidad\">Pol\u00edtica de privacidad<\/a><\/li>\n<\/ul>\n<p>&nbsp;<\/p>\n<div id=\"quienes-somos\">\n<h2 class=\"title fw-bold text-primary\" style=\"font-size: 48px !important;\"><span style=\"font-size: 48px !important;\">\u00bfQui\u00e9nes somos?<\/span><\/h2>\n<p>STESA.com es una referencia cre\u00edble y un destino de aprendizaje para los buscadores de conocimientos, especialmente aquellos que buscan mapas, im\u00e1genes satelitales, datos y cifras relacionados con la geograf\u00eda.<\/p>\n<p>El sitio ofrece abundantes recursos para maestros de K-12, as\u00ed como para la comunidad universitaria. Para un viajero, STESA es un lugar de referencia para la investigaci\u00f3n preliminar sobre d\u00f3nde ir y qu\u00e9 ver.<\/p>\n<h2>Mapas e im\u00e1genes satelitales para todos.<\/h2>\n<p>Los mapas y las im\u00e1genes satelitales son para todos en STESA.com: para estudiantes, viajeros, investigadores, profesores, profanos. . . Tenemos mapas f\u00edsicos, mapas pol\u00edticos, mapas en blanco, mapas tem\u00e1ticos; una colecci\u00f3n asombrosa para examinar.<\/p>\n<p>STESA.com se cre\u00f3 con un prop\u00f3sito: hacer que los mapas de calidad fueran accesibles para todos.<\/p>\n<p>P\u00f3ngase en contacto con webmaster@stesa.com<\/p>\n<\/div>\n<p>&nbsp;<\/p>\n<hr \/>\n<p>&nbsp;<\/p>\n<h2 id=\"terminos-uso\" class=\"title fw-bold text-primary\" style=\"font-size: 48px !important;\"><span style=\"font-size: 48px !important;\">T\u00e9rminos de uso e informaci\u00f3n de derechos de autor.<\/span><\/h2>\n<h3>Aceptaci\u00f3n<\/h3>\n<div>Estos son los t\u00e9rminos y condiciones que rigen el uso de im\u00e1genes de mapas, im\u00e1genes satelitales, informaci\u00f3n, materiales educativos, documentos y otros datos subyacentes, puestos a su disposici\u00f3n sin obligaci\u00f3n en este sitio web (en adelante llamado, \u00abMateriales\u00bb).<\/div>\n<div><\/div>\n<div>Al usar los Materiales, expresa su aceptaci\u00f3n de todos los t\u00e9rminos, condiciones y avisos contenidos o a los que se hace referencia en este documento (los \u00abT\u00e9rminos de uso\u00bb). Si no est\u00e1 de acuerdo con estos T\u00e9rminos de uso, no puede utilizar este sitio web o los materiales. Nos reservamos el derecho, a nuestra discreci\u00f3n y a nuestra voluntad, de actualizar o revisar estos T\u00e9rminos de uso. Le recomendamos que consulte nuestros T\u00e9rminos de servicio de vez en cuando para estar al tanto de estos posibles cambios. Su uso continuado de este sitio web despu\u00e9s de la publicaci\u00f3n de cualquier cambio o actualizaci\u00f3n de los T\u00e9rminos de uso se considerar\u00e1 como su aceptaci\u00f3n de los mismos.<\/div>\n<div><\/div>\n<div>STESA.com se reserva el derecho de a\u00f1adir, suprimir o modificar en cualquier momento elementos, informaci\u00f3n o contenidos de cualquier forma y sin previo aviso. STESA.com se reserva el derecho, a su exclusivo criterio, de cancelar tambi\u00e9n este servicio. Por ahora el(los) servicio(s) de STESA.com se ofrecen de forma gratuita, sin cargo alguno. Sin embargo, STESA.com se reserva el derecho de cobrar por los servicios prestados por STESA.com en el futuro, de acuerdo con cualquier pol\u00edtica modificada.<\/div>\n<div><\/div>\n<div>El Usuario utilizar\u00e1 los servicios aqu\u00ed prestados por STESA.com, \u00fanicamente para fines l\u00edcitos.<\/div>\n<div><\/div>\n<div>Procedimiento para la realizaci\u00f3n de reclamaciones por infracci\u00f3n de derechos de autor. Respetamos el concepto de derechos de propiedad intelectual. Si cree que su trabajo ha sido copiado de alguna manera y est\u00e1 disponible en este sitio web de una manera que constituye una infracci\u00f3n de derechos de autor, puede notificar a STESA.com en webmaster@stesa.com.<\/div>\n<h3><b>Sin garant\u00eda<\/b><\/h3>\n<div>ESTE SITIO WEB Y LOS MATERIALES SE PROPORCIONAN CON TODOS LOS DEFECTOS \u00abTAL CUAL\u00bb Y \u00abSEG\u00daN DISPONIBILIDAD\u00bb. STESA.COM <wbr \/>NIEGA TODO TIPO DE GARANT\u00cdAS, EXPL\u00cdCITAS O IMPL\u00cdCITAS, INCLUIDAS LAS GARANT\u00cdAS DE QUE EL SITIO WEB Y LOS MATERIALES EST\u00c1N LIBRES DE DEFECTOS, LIBRES DE VIRUS Y QUE PUEDEN FUNCIONAR SIN INTERRUPCIONES, CUMPLIR\u00c1N CON SUS REQUISITOS ESPEC\u00cdFICOS U OTROS, O QUE DICHOS ERRORES SER\u00c1N CORREGIDOS, Y LAS GARANT\u00cdAS IMPL\u00cdCITAS DE QUE EL SITIO WEB Y LOS MATERIALES SON DE COMERCIABILIDAD, DE CALIDAD SATISFACTORIA, EXACTOS, ADECUADOS PARA UN PROP\u00d3SITO O NECESIDAD EN PARTICULAR, O QUE NO INFRINGEN NING\u00daN DERECHO DE AUTOR, A MENOS QUE DICHAS GARANT\u00cdAS IMPL\u00cdCITAS EST\u00c9N LEGALMENTE PROHIBIDAS. NING\u00daN CONSEJO O INFORMACI\u00d3N DADO POR STESA.COM O SUS RESPECTIVOS EMPLEADOS O AGENTES AUTORIZADOS CREAR\u00c1, CONSTITUIR\u00c1 NINGUNA GARANT\u00cdA O AMPLIAR\u00c1 EL ALCANCE DE CUALQUIER GARANT\u00cdA QUE NO SE PUEDE RECHAZAR BAJO LA LEY APLICABLE O CONTENIDA EN EL PRESENTE DOCUMENTO. SU USO DE ESTE SITIO WEB Y LOS MATERIALES ES \u00daNICAMENTE BAJO SU PROPIO RIESGO. ALGUNAS LEYES Y JURISDICCIONES NO PERMITEN LA EXCLUSI\u00d3N DE GARANT\u00cdAS IMPL\u00cdCITAS, POR LO QUE LAS EXCLUSIONES ANTERIORES PUEDEN NO SER APLICABLES A USTED.<b><br \/>\n<\/b><\/div>\n<div><\/div>\n<div>En consecuencia, su uso del sitio web y los materiales es bajo SU PROPIO RIESGO y STESA.com no tiene ni tendr\u00e1 la obligaci\u00f3n de brindarle asistencia, correcciones de errores, actualizaciones, correcciones de errores y\/o mejoras al sitio web y materiales, salvo que exista un contrato espec\u00edfico de esta naturaleza con usted.<\/div>\n<div><\/div>\n<div>Tenga en cuenta que los Materiales pueden incluir inexactitudes t\u00e9cnicas o errores tipogr\u00e1ficos exclusivos de los Materiales, STESA.com tiene el derecho en cualquier momento de cambiar, modificar, reformatear, agregar o interrumpir o eliminar cualquier aspecto o caracter\u00edstica o parte sustancial de los Materiales o un tema del sitio web, incluidos, entre otros, el software, el contenido, las horas de disponibilidad, el equipo necesario para el acceso o uso, o la disponibilidad del sitio web o los materiales en cualquier tipo de dispositivo o servicio de comunicaci\u00f3n. STESA.com no tiene la obligaci\u00f3n de proporcionarle un aviso de dichos cambios.<\/div>\n<h3><b>Limitaci\u00f3n de responsabilidad<\/b><\/h3>\n<div>EN NING\u00daN CASO STESA.COM SER\u00c1 RESPONSABLE DE CUALQUIER DA\u00d1O INDIRECTO, ESPECIAL, INCIDENTAL, DIRECTO, CONSECUENTE, AGRAVIO, CASO FORTUITO O SIMILAR RESULTANTE DEL USO, USO INCORRECTO, IMPOSIBILIDAD DE USO O CONFIANZA EN ESTE SITIO WEB O LOS MATERIALES, INCLUYENDO , SIN LIMITACI\u00d3N, DA\u00d1OS POR P\u00c9RDIDA DE USO, DATOS, OPORTUNIDADES DE NEGOCIO O BENEFICIOS. ESTA LIMITACI\u00d3N SE APLICA SI LA PRESUNTA RESPONSABILIDAD SE BASA EN CONTRATO, AGRAVIO, NEGLIGENCIA, RESPONSABILIDAD ESTRICTA O CUALQUIER OTRA BASE, INCLUSO SI STESA.COM HA SIDO ADVERTIDO DE LA POSIBILIDAD DE DICHOS DA\u00d1OS. ALGUNAS LEYES Y JURISDICCIONES NO PERMITEN LA EXCLUSI\u00d3N DE GARANT\u00cdAS IMPL\u00cdCITAS, POR LO QUE LAS EXCLUSIONES ANTERIORES PUEDEN NO SER APLICABLES A USTED.<b><br \/>\n<\/b><\/div>\n<div><\/div>\n<div>ADEM\u00c1S, EN NING\u00daN CASO STESA.COM SER\u00c1 RESPONSABLE, DIRECTA O INDIRECTAMENTE, POR CUALQUIER P\u00c9RDIDA O DA\u00d1O CAUSADO O ALEGADO QUE LE HAYA CAUSADO EN RELACI\u00d3N CON EL USO O LA CONFIANZA EN CUALQUIER CONTENIDO, BIENES O SERVICIOS DISPONIBLES EN O A TRAV\u00c9S DE CUALQUIERA DE LOS SITIOS EXTERNOS ENLAZADOS A ESTE SITIO WEB. NI STESA.COM SER\u00c1 RESPONSABLE DE CUALQUIER P\u00c9RDIDA DE DATOS DE CUALQUIER TIPO ALMACENADOS EN CUALQUIER DISPOSITIVO INSTALADO EN SU EXTREMO MIENTRAS UTILIZA ESTE SITIO.<\/div>\n<div><\/div>\n<div>Al producir contenido,\u00a0 STESA.com monitorea \u00e9ticamente la calidad del contenido y no quiere ser ofensivo para ning\u00fan individuo o grupo religioso en particular. Sin embargo,\u00a0 STESA.com no asume ninguna responsabilidad si a usted o a un miembro de un grupo religioso no les gustan algunos o todos los Materiales y los encuentran ofensivos.\u00a0 STESA.com no ser\u00e1 responsable de ning\u00fan tipo de da\u00f1o consecuente que resulte de la reacci\u00f3n o shock mental de dicha persona.<\/div>\n<h3><b>Fuerza mayor<\/b><\/h3>\n<div>Sin perjuicio de lo anterior, bajo ninguna circunstancia STESA.com puede ser considerado responsable de cualquier retraso o incumplimiento que pueda resultar de actos naturales directos o indirectos, o causas que se consideren inexplicables m\u00e1s all\u00e1 de su control razonable, incluidos, entre otros, cortes de Internet, fallas en computadoras y otros equipos relacionados, fallas en equipos de telecomunicaciones o proveedores de servicios, cortes de energ\u00eda, fallas en otros equipos, huelgas, disputas laborales, disturbios, insurrecciones, disturbios civiles, escasez de mano de obra o materiales, incendios, inundaciones, tormentas, explosiones, actos de Dios, guerra, acciones y pol\u00edticas gubernamentales, \u00f3rdenes judiciales o juicos nacionales o extranjeras, incumplimiento de terceros, p\u00e9rdidas o variaciones de temperatura, calor, luz o aire acondicionado.<b><br \/>\n<\/b><\/div>\n<h3><b>Indemnidad<\/b><\/h3>\n<div>Al recibir una solicitud por escrito de STESA.com, usted acepta defender, indemnizar y eximir a STESA.com de toda responsabilidad, reclamo y gasto, incluidos los honorarios de abogados, que puedan surgir de su uso o mal uso del Material o este sitio web. STESA.com se reserva el derecho, a sus expensas, de asumir la defensa y el control exclusivos de cualquier asunto sujeto a dicha indemnizaci\u00f3n por su parte, en cuyo caso cooperar\u00e1 con STESA.com para hacer valer todas las defensas disponibles.<b><br \/>\n<\/b><\/div>\n<h3><b>Descargo de responsabilidad<\/b><\/h3>\n<div>La referencia en el sitio web a cualquier producto vendido o puesto a disposici\u00f3n por STESA.com, servicios de entrega, o enlaces de hipertexto a anuncios de terceros u otra informaci\u00f3n por nombre comercial, marca registrada, fabricantes, proveedores u otros, no constituye ni implica su aprobaci\u00f3n, patrocinio o recomendaci\u00f3n por parte de STESA.com con respecto a la calidad o contenido de tales bienes o servicios. La informaci\u00f3n sobre la calidad del producto, servicio y contenido es responsabilidad exclusiva de cada vendedor o proveedor individual. No habr\u00e1 garant\u00edas extendidas expresas o impl\u00edcitas por parte de STESA.com para dichos servicios o productos vendidos por terceros o con hiperv\u00ednculos a trav\u00e9s de este sitio web.<b><br \/>\n<\/b><\/div>\n<h3><b>Uso internacional<\/b><\/h3>\n<div>STESA.com no representa ni declara que el material de este sitio web sea apropiado o est\u00e9 disponible para fines cient\u00edficos, defensivos o de navegaci\u00f3n, su acceso a este sitio desde territorios donde ver el sitio y el material es o puede ser ilegal o prohibido, se desaconseja por STESA.com, aquellos que elijan acceder a este sitio web desde dichos lugares lo hacen bajo su propio riesgo, por iniciativa propia y son responsables del cumplimiento de las leyes locales. Si usa voluntariamente este sitio en una jurisdicci\u00f3n que proh\u00edba o restrinja expl\u00edcitamente dicho uso, su uso estar\u00e1 sujeto \u00fanicamente a las disposiciones de los T\u00e9rminos de uso, y STESA.com no tendr\u00e1 ninguna responsabilidad derivada de su propia conducta.<b><br \/>\n<\/b><\/div>\n<h3><b>Ley y jurisdicci\u00f3n<\/b><\/h3>\n<div>Los T\u00e9rminos de Uso aqu\u00ed contenidos se regir\u00e1n e interpretar\u00e1n de conformidad con las leyes de la Rep\u00fablica de Nicaragua. Usted acepta y consiente expresamente que la jurisdicci\u00f3n exclusiva para cualquier reclamo o acci\u00f3n que surja de o se relacione con estos T\u00e9rminos de uso o su uso de los Materiales y este sitio web se presentar\u00e1 solo en los tribunales ubicados bajo la jurisdicci\u00f3n de Managua, Nicaragua.<b><br \/>\n<\/b><\/div>\n<h3><b>Divisibilidad e integraci\u00f3n del acuerdo<\/b><\/h3>\n<div>Los T\u00e9rminos de uso del presente documento constituir\u00e1n el acuerdo completo entre usted y STESA.com con respecto a los Materiales y este sitio web. Si alguna parte de estos T\u00e9rminos de uso se considera inv\u00e1lida o inaplicable, esa parte se leer\u00e1 e interpretar\u00e1 de manera que se ajuste a la ley aplicable para reflejar, en la mayor medida posible, las intenciones originales de las partes del acuerdo. y las partes restantes permanecer\u00e1n en pleno vigor y efecto de acuerdo con este Acuerdo y las leyes aplicables.<b><br \/>\n<\/b><\/div>\n<h3><b>Terminaci\u00f3n del acuerdo<\/b><\/h3>\n<div>Sin perjuicio, STESA.com se reserva el derecho, a su exclusivo criterio, de cancelar su acceso a los Materiales o cualquier parte de este sitio web, con o sin previo aviso.<b><br \/>\n<\/b><\/div>\n<div><\/div>\n<div>Para obtener m\u00e1s informaci\u00f3n, preguntas o informes de problemas relacionados con los Materiales o este sitio web, comun\u00edquese con: webmaster@stesa.com<\/div>\n<p>&nbsp;<\/p>\n<hr \/>\n<p>&nbsp;<\/p>\n<h2 id=\"politicas-privacidad\" class=\"title fw-bold text-primary\" style=\"font-size: 48px !important;\"><span style=\"font-size: 48px !important;\">Pol\u00edtica de privacidad<\/span><\/h2>\n<div>Al utilizar este sitio web, usted acepta el uso de cookies. Sus datos personales se regir\u00e1n por la pol\u00edtica de privacidad y t\u00e9rminos de STESA.com.<\/div>\n<div><\/div>\n<div>STESA.com respeta su privacidad y se compromete a garantizar que su privacidad est\u00e9 protegida mediante la protecci\u00f3n de su informaci\u00f3n de identificaci\u00f3n personal que comparte con nosotros. La informaci\u00f3n de identificaci\u00f3n personal es informaci\u00f3n que identifica a una persona, como el nombre, la direcci\u00f3n, el n\u00famero de tel\u00e9fono, la direcci\u00f3n de correo electr\u00f3nico y la fecha de nacimiento, etc.<\/div>\n<div><\/div>\n<div>Si STESA.com le solicita que proporcione informaci\u00f3n de identificaci\u00f3n personal al usar este sitio web, puede estar seguro de que s\u00f3lo se utilizar\u00e1 de acuerdo con esta pol\u00edtica de privacidad.<\/div>\n<div><\/div>\n<div>STESA.com puede cambiar esta pol\u00edtica de vez en cuando al actualizar esta p\u00e1gina. Debe consultar esta p\u00e1gina peri\u00f3dicamente para asegurarse de que se siente c\u00f3modo con los cambios.<\/div>\n<h3><b>Qu\u00e9 recopila STESA.com:<\/b><\/h3>\n<div>\n<ul>\n<li>STESA.com utiliza \u00abcookies\u00bb y \u00abetiquetas web\u00bb para administrar su estado y verificar su identidad.<\/li>\n<li>STESA.com recopila direcciones IP geof\u00edsicas\/informaci\u00f3n del navegador\/otra informaci\u00f3n t\u00e9cnica para la administraci\u00f3n del sistema y del servidor.<\/li>\n<\/ul>\n<h3><b>\u00bfQu\u00e9 hace STESA.com con la informaci\u00f3n recopilada?<\/b><\/h3>\n<div>STESA.com necesita esta informaci\u00f3n para comprender sus necesidades y brindarle un mejor servicio, y en particular por las siguientes razones:<b><br \/>\n<\/b><\/div>\n<div>\n<ul>\n<li>Para realizar las tareas que le ha indicado a STESA.com que realice.<\/li>\n<li>Para el mantenimiento de registros internos.<\/li>\n<li>Para mejorar los productos y servicios de STESA.com.<\/li>\n<li>STESA.com puede utilizar esta informaci\u00f3n para personalizar el sitio web de acuerdo con sus intereses.<\/li>\n<\/ul>\n<h3><b>\u00bfCon qui\u00e9n comparte STESA.com la informaci\u00f3n?<\/b><\/h3>\n<\/div>\n<div>Como regla general, STESA.com no divulgar\u00e1 a sabiendas su informaci\u00f3n de identificaci\u00f3n personal a terceros, excepto bajo las siguientes condiciones: cuando STESA.com est\u00e9 legalmente obligado a proporcionar la informaci\u00f3n a las autoridades encargadas de hacer cumplir la ley o a una agencia reguladora o administrativa o gubernamental similar en en relaci\u00f3n con un procedimiento judicial o administrativo.<b><br \/>\n<\/b><\/div>\n<h3><b>Seguridad<\/b><\/h3>\n<div>STESA.com se compromete a garantizar la seguridad de su informaci\u00f3n. Para evitar el acceso o la divulgaci\u00f3n no autorizados, STESA.com ha implementado procedimientos f\u00edsicos, electr\u00f3nicos y administrativos apropiados para salvaguardar y proteger la informaci\u00f3n que STESA.com recopila en l\u00ednea. Aunque STESA.com se esfuerza por proteger su informaci\u00f3n personal, STESA.com no puede asegurar ni garantizar la completa seguridad de cualquier informaci\u00f3n que transita a trav\u00e9s de otros medios de transmisi\u00f3n.<\/div>\n<h3><b>Limitaci\u00f3n de responsabilidad<\/b><\/h3>\n<div>El sitio STESA.com puede contener enlaces a otros sitios web o anuncios que lo dirijan a otro sitio web. Sin embargo, una vez que haya utilizado estos enlaces para abandonar el sitio web STESA.com, debe tener en cuenta que STESA.com no tiene control sobre ese otro sitio web. Por lo tanto, STESA.com no puede ser responsable de la protecci\u00f3n y privacidad de cualquier informaci\u00f3n que proporcione mientras visita dichos sitios y dichos sitios no se rigen por esta pol\u00edtica de privacidad. Debe extremar las precauciones y revisar la pol\u00edtica de privacidad aplicable a los sitios web en cuesti\u00f3n.\u00a0<b><br \/>\n<\/b><\/div>\n<h3><b>Cookies publicitarias<\/b><\/h3>\n<div>El sitio web STESA.com tiene contratos con proveedores externos, incluido Google, que utilizan cookies para publicar anuncios basados en las visitas anteriores de un usuario a STESA.com. El uso de Google de la cookie de \u00abDouble Click\u00bb le permite a \u00e9l y a sus socios mostrar anuncios a los usuarios en funci\u00f3n de sus visitas a STESA.com.<b><br \/>\n<\/b><\/div>\n<h3><b>Terceros y exclusi\u00f3n voluntaria:<\/b><\/h3>\n<div>Terceros pueden mostrar anuncios basados en intereses en aplicaciones o sitios web, seg\u00fan su uso de las aplicaciones o sitios web a lo largo del tiempo y en aplicaciones no afiliadas.\u00a0<b><br \/>\n<\/b><\/div>\n<div><\/div>\n<div>Estos terceros pueden combinar y usar informaci\u00f3n de sitios web o aplicaciones en su navegador o dispositivo actual con informaci\u00f3n de sus otros navegadores o dispositivos con fines publicitarios.\u00a0Para optar por no recibir estos anuncios basados en intereses y\/o la orientaci\u00f3n entre dispositivos, utilice los m\u00e9todos que se proporcionan a continuaci\u00f3n para optar por no participar en cada uno de sus navegadores y en cada uno de sus dispositivos:<\/div>\n<div>\n<ul>\n<li>Network Advertising Initiative (NAI)<\/li>\n<li>Digital Advertising Alliance (DAA)<\/li>\n<li>Digital Advertising Alliance Canada (DAAC)<\/li>\n<li>Digital Advertising Alliance EU (EDAA)<\/li>\n<\/ul>\n<div>Tenga en cuenta que deshabilitar la publicidad basada en intereses y la orientaci\u00f3n entre dispositivos no significa que ya no recibir\u00e1 publicidad en l\u00ednea.\u00a0Esto significa que el tercero del que haya optado por no recibir publicidad basada en intereses o segmentaci\u00f3n entre dispositivos utilizando los m\u00e9todos proporcionados anteriormente ya no entregar\u00e1 anuncios adaptados a sus preferencias web y h\u00e1bitos de uso en un navegador web o dispositivo en particular.<\/div>\n<\/div>\n<div><\/div>\n<div>Para cualquier aclaraci\u00f3n o pregunta sobre la Pol\u00edtica de privacidad, env\u00ede un correo electr\u00f3nico a webmaster@stesa.com.<\/div>\n<\/div>\n","protected":false},"excerpt":{"rendered":"<p>\u00bfQui\u00e9nes somos? Condiciones de uso Pol\u00edtica de privacidad &nbsp; \u00bfQui\u00e9nes somos? STESA.com es una referencia cre\u00edble y un destino de aprendizaje para los buscadores de conocimientos, especialmente aquellos que buscan mapas, im\u00e1genes satelitales, datos y cifras relacionados con la geograf\u00eda. El sitio ofrece abundantes recursos para maestros de K-12, as\u00ed como para la comunidad universitaria. [&hellip;]<\/p>\n","protected":false},"author":1,"featured_media":0,"parent":0,"menu_order":0,"comment_status":"closed","ping_status":"closed","template":"","meta":{"iawp_total_views":0,"footnotes":""},"class_list":["post-1775","page","type-page","status-publish","hentry"],"yoast_head":"<!-- This site is optimized with the Yoast SEO plugin v27.2 - https:\/\/yoast.com\/product\/yoast-seo-wordpress\/ -->\n<title>Qui\u00e9nes somos - Galer\u00eda de mapas<\/title>\n<meta name=\"robots\" content=\"index, follow, max-snippet:-1, max-image-preview:large, max-video-preview:-1\" \/>\n<link rel=\"canonical\" href=\"https:\/\/stesa.com\/mapas\/quienes-somos\/\" \/>\n<meta property=\"og:locale\" content=\"es_ES\" \/>\n<meta property=\"og:type\" content=\"article\" \/>\n<meta property=\"og:title\" content=\"Qui\u00e9nes somos - Galer\u00eda de mapas\" \/>\n<meta property=\"og:description\" content=\"\u00bfQui\u00e9nes somos? Condiciones de uso Pol\u00edtica de privacidad &nbsp; \u00bfQui\u00e9nes somos? STESA.com es una referencia cre\u00edble y un destino de aprendizaje para los buscadores de conocimientos, especialmente aquellos que buscan mapas, im\u00e1genes satelitales, datos y cifras relacionados con la geograf\u00eda. El sitio ofrece abundantes recursos para maestros de K-12, as\u00ed como para la comunidad universitaria. [&hellip;]\" \/>\n<meta property=\"og:url\" content=\"https:\/\/stesa.com\/mapas\/quienes-somos\/\" \/>\n<meta property=\"og:site_name\" content=\"Galer\u00eda de mapas\" \/>\n<meta property=\"article:modified_time\" content=\"2026-02-16T20:18:09+00:00\" \/>\n<meta name=\"twitter:card\" content=\"summary_large_image\" \/>\n<meta name=\"twitter:label1\" content=\"Tiempo de lectura\" \/>\n\t<meta name=\"twitter:data1\" content=\"12 minutos\" \/>\n<script type=\"application\/ld+json\" class=\"yoast-schema-graph\">{\"@context\":\"https:\/\/schema.org\",\"@graph\":[{\"@type\":\"WebPage\",\"@id\":\"https:\/\/stesa.com\/mapas\/quienes-somos\/\",\"url\":\"https:\/\/stesa.com\/mapas\/quienes-somos\/\",\"name\":\"Qui\u00e9nes somos - Galer\u00eda de mapas\",\"isPartOf\":{\"@id\":\"https:\/\/stesa.com\/mapas\/#website\"},\"datePublished\":\"2022-11-04T21:00:50+00:00\",\"dateModified\":\"2026-02-16T20:18:09+00:00\",\"breadcrumb\":{\"@id\":\"https:\/\/stesa.com\/mapas\/quienes-somos\/#breadcrumb\"},\"inLanguage\":\"es\",\"potentialAction\":[{\"@type\":\"ReadAction\",\"target\":[\"https:\/\/stesa.com\/mapas\/quienes-somos\/\"]}]},{\"@type\":\"BreadcrumbList\",\"@id\":\"https:\/\/stesa.com\/mapas\/quienes-somos\/#breadcrumb\",\"itemListElement\":[{\"@type\":\"ListItem\",\"position\":1,\"name\":\"Portada\",\"item\":\"https:\/\/gifex.com\/mapas\/\"},{\"@type\":\"ListItem\",\"position\":2,\"name\":\"Qui\u00e9nes somos\"}]},{\"@type\":\"WebSite\",\"@id\":\"https:\/\/stesa.com\/mapas\/#website\",\"url\":\"https:\/\/stesa.com\/mapas\/\",\"name\":\"Galer\u00eda de mapas\",\"description\":\"\",\"potentialAction\":[{\"@type\":\"SearchAction\",\"target\":{\"@type\":\"EntryPoint\",\"urlTemplate\":\"https:\/\/stesa.com\/mapas\/?s={search_term_string}\"},\"query-input\":{\"@type\":\"PropertyValueSpecification\",\"valueRequired\":true,\"valueName\":\"search_term_string\"}}],\"inLanguage\":\"es\"}]}<\/script>\n<!-- \/ Yoast SEO plugin. -->","yoast_head_json":{"title":"Qui\u00e9nes somos - Galer\u00eda de mapas","robots":{"index":"index","follow":"follow","max-snippet":"max-snippet:-1","max-image-preview":"max-image-preview:large","max-video-preview":"max-video-preview:-1"},"canonical":"https:\/\/stesa.com\/mapas\/quienes-somos\/","og_locale":"es_ES","og_type":"article","og_title":"Qui\u00e9nes somos - Galer\u00eda de mapas","og_description":"\u00bfQui\u00e9nes somos? Condiciones de uso Pol\u00edtica de privacidad &nbsp; \u00bfQui\u00e9nes somos? STESA.com es una referencia cre\u00edble y un destino de aprendizaje para los buscadores de conocimientos, especialmente aquellos que buscan mapas, im\u00e1genes satelitales, datos y cifras relacionados con la geograf\u00eda. El sitio ofrece abundantes recursos para maestros de K-12, as\u00ed como para la comunidad universitaria. [&hellip;]","og_url":"https:\/\/stesa.com\/mapas\/quienes-somos\/","og_site_name":"Galer\u00eda de mapas","article_modified_time":"2026-02-16T20:18:09+00:00","twitter_card":"summary_large_image","twitter_misc":{"Tiempo de lectura":"12 minutos"},"schema":{"@context":"https:\/\/schema.org","@graph":[{"@type":"WebPage","@id":"https:\/\/stesa.com\/mapas\/quienes-somos\/","url":"https:\/\/stesa.com\/mapas\/quienes-somos\/","name":"Qui\u00e9nes somos - Galer\u00eda de mapas","isPartOf":{"@id":"https:\/\/stesa.com\/mapas\/#website"},"datePublished":"2022-11-04T21:00:50+00:00","dateModified":"2026-02-16T20:18:09+00:00","breadcrumb":{"@id":"https:\/\/stesa.com\/mapas\/quienes-somos\/#breadcrumb"},"inLanguage":"es","potentialAction":[{"@type":"ReadAction","target":["https:\/\/stesa.com\/mapas\/quienes-somos\/"]}]},{"@type":"BreadcrumbList","@id":"https:\/\/stesa.com\/mapas\/quienes-somos\/#breadcrumb","itemListElement":[{"@type":"ListItem","position":1,"name":"Portada","item":"https:\/\/gifex.com\/mapas\/"},{"@type":"ListItem","position":2,"name":"Qui\u00e9nes somos"}]},{"@type":"WebSite","@id":"https:\/\/stesa.com\/mapas\/#website","url":"https:\/\/stesa.com\/mapas\/","name":"Galer\u00eda de mapas","description":"","potentialAction":[{"@type":"SearchAction","target":{"@type":"EntryPoint","urlTemplate":"https:\/\/stesa.com\/mapas\/?s={search_term_string}"},"query-input":{"@type":"PropertyValueSpecification","valueRequired":true,"valueName":"search_term_string"}}],"inLanguage":"es"}]}},"_links":{"self":[{"href":"https:\/\/stesa.com\/mapas\/wp-json\/wp\/v2\/pages\/1775","targetHints":{"allow":["GET"]}}],"collection":[{"href":"https:\/\/stesa.com\/mapas\/wp-json\/wp\/v2\/pages"}],"about":[{"href":"https:\/\/stesa.com\/mapas\/wp-json\/wp\/v2\/types\/page"}],"author":[{"embeddable":true,"href":"https:\/\/stesa.com\/mapas\/wp-json\/wp\/v2\/users\/1"}],"replies":[{"embeddable":true,"href":"https:\/\/stesa.com\/mapas\/wp-json\/wp\/v2\/comments?post=1775"}],"version-history":[{"count":15,"href":"https:\/\/stesa.com\/mapas\/wp-json\/wp\/v2\/pages\/1775\/revisions"}],"predecessor-version":[{"id":16293,"href":"https:\/\/stesa.com\/mapas\/wp-json\/wp\/v2\/pages\/1775\/revisions\/16293"}],"wp:attachment":[{"href":"https:\/\/stesa.com\/mapas\/wp-json\/wp\/v2\/media?parent=1775"}],"curies":[{"name":"wp","href":"https:\/\/api.w.org\/{rel}","templated":true}]}}